{"id":210,"date":"2024-03-12T15:09:54","date_gmt":"2024-03-12T15:09:54","guid":{"rendered":"https:\/\/sygnal.group\/?page_id=210"},"modified":"2025-01-07T00:27:49","modified_gmt":"2025-01-07T00:27:49","slug":"contact","status":"publish","type":"page","link":"https:\/\/sygnal.group\/pt\/contact\/","title":{"rendered":"Contato"},"content":{"rendered":"<style>\/*! elementor - v3.18.0 - 08-12-2023 *\/\n.elementor-heading-title{padding:0;margin:0;line-height:1}.elementor-widget-heading .elementor-heading-title[class*=elementor-size-]>a{color:inherit;font-size:inherit;line-height:inherit}.elementor-widget-heading .elementor-heading-title.elementor-size-small{font-size:15px}.elementor-widget-heading .elementor-heading-title.elementor-size-medium{font-size:19px}.elementor-widget-heading .elementor-heading-title.elementor-size-large{font-size:29px}.elementor-widget-heading .elementor-heading-title.elementor-size-xl{font-size:39px}.elementor-widget-heading .elementor-heading-title.elementor-size-xxl{font-size:59px}<\/style>\n<h2>Contact US<\/h2>\n<\/p>\n<p>We&#8217;d love to hear from you! If you have any questions, need support, or just want to provide feedback, please reach out to us using the information below.<\/p>\n<p><\/p>\n<noscript class=\"ninja-forms-noscript-message\">\n\tAviso: O JavaScript \u00e9 necess\u00e1rio para esse conte\u00fado.<\/noscript>\n<div id=\"nf-form-2-cont\" class=\"nf-form-cont\" aria-live=\"polite\" aria-labelledby=\"nf-form-title-2\" aria-describedby=\"nf-form-errors-2\" role=\"form\">\n\n    <div class=\"nf-loading-spinner\"><\/div>\n\n<\/div>\n        <!-- That data is being printed as a workaround to page builders reordering the order of the scripts loaded-->\n        <script>var formDisplay=1;var nfForms=nfForms||[];var form=[];form.id='2';form.settings={\"objectType\":\"Form Setting\",\"editActive\":true,\"title\":\"Contato\",\"show_title\":0,\"allow_public_link\":0,\"public_link\":\"https:\\\/\\\/sygnal.group\\\/ninja-forms\\\/2hohi\",\"embed_form\":\"\",\"clear_complete\":1,\"hide_complete\":1,\"default_label_pos\":\"hidden\",\"wrapper_class\":\"\",\"element_class\":\"\",\"form_title_heading_level\":\"3\",\"key\":\"\",\"add_submit\":0,\"changeEmailErrorMsg\":\"Digite um endere\\u00e7o de e-mail v\\u00e1lido!\",\"changeDateErrorMsg\":\"Digite uma data v\\u00e1lida!\",\"confirmFieldErrorMsg\":\"Estes campos devem corresponder!\",\"fieldNumberNumMinError\":\"Erro no n\\u00famero m\\u00ednimo\",\"fieldNumberNumMaxError\":\"Erro no n\\u00famero m\\u00e1ximo\",\"fieldNumberIncrementBy\":\"Incremente por \",\"formErrorsCorrectErrors\":\"Corrija os erros antes de enviar este formul\\u00e1rio.\",\"validateRequiredField\":\"Este campo \\u00e9 obrigat\\u00f3rio.\",\"honeypotHoneypotError\":\"Erro do Honeypot\",\"fieldsMarkedRequired\":\"Campos marcados com <span class=\\\"ninja-forms-req-symbol\\\">*<\\\/span> s\\u00e3o requeridos\",\"currency\":\"\",\"unique_field_error\":\"A form with this value has already been submitted.\",\"logged_in\":false,\"not_logged_in_msg\":\"\",\"sub_limit_msg\":\"The form has reached its submission limit.\",\"calculations\":[],\"formContentData\":[\"name_1721510843490\",\"emaill_1713539421183\",\"phone_1710268477114\",\"textarea_1710268487998\",\"send_message_1721510808508\"],\"public_link_key\":\"2hohi\",\"drawerDisabled\":false,\"objectDomain\":\"restrictions\",\"ninjaForms\":\"Ninja Forms\",\"fieldTextareaRTEInsertLink\":\"Insira o Link\",\"fieldTextareaRTEInsertMedia\":\"Inserir m\\u00eddia\",\"fieldTextareaRTESelectAFile\":\"Selecionar Arquivo\",\"formHoneypot\":\"Se voc\\u00ea for um humano, deixe este campo em branco.\",\"fileUploadOldCodeFileUploadInProgress\":\"Upload de arquivo em andamento.\",\"fileUploadOldCodeFileUpload\":\"UPLOAD DE ARQUIVO\",\"currencySymbol\":\"&#36;\",\"thousands_sep\":\".\",\"decimal_point\":\",\",\"siteLocale\":\"pt_BR\",\"dateFormat\":\"m\\\/d\\\/Y\",\"startOfWeek\":\"1\",\"of\":\"de\",\"previousMonth\":\"M\\u00eas anterior\",\"nextMonth\":\"Pr\\u00f3ximo m\\u00eas\",\"months\":[\"Janeiro\",\"Fevereiro\",\"Mar\\u00e7o\",\"Abril\",\"Maio\",\"Junho\",\"Julho\",\"Agosto\",\"Setembro\",\"Outubro\",\"Novembro\",\"Dezembro\"],\"monthsShort\":[\"Jan\",\"Fev\",\"Mar\",\"Abr\",\"Maio\",\"Jun\",\"Jul\",\"Ago\",\"Set\",\"Out\",\"Nov\",\"Dez\"],\"weekdays\":[\"Domingo\",\"Segunda-feira\",\"Ter\\u00e7a-feira\",\"Quarta-feira\",\"Quinta-feira\",\"Sexta-feira\",\"S\\u00e1bado\"],\"weekdaysShort\":[\"Dom\",\"Seg\",\"Ter\",\"Qua\",\"Qui\",\"Sex\",\"Sat\"],\"weekdaysMin\":[\"Su\",\"Mo\",\"Tu\",\"We\",\"Th\",\"Fr\",\"Sa\"],\"recaptchaConsentMissing\":\"reCaptcha validation couldn&#039;t load.\",\"recaptchaMissingCookie\":\"reCaptcha v3 validation couldn&#039;t load the cookie needed to submit the form.\",\"recaptchaConsentEvent\":\"Accept reCaptcha cookies before sending the form.\",\"currency_symbol\":\"\",\"beforeForm\":\"\",\"beforeFields\":\"\",\"afterFields\":\"\",\"afterForm\":\"\"};form.fields=[{\"objectType\":\"Field\",\"objectDomain\":\"fields\",\"editActive\":false,\"order\":2,\"idAttribute\":\"id\",\"label\":\"Name\",\"type\":\"firstname\",\"key\":\"name_1721510843490\",\"label_pos\":\"hidden\",\"required\":0,\"default\":\"\",\"placeholder\":\"Name\",\"container_class\":\"\",\"element_class\":\"\",\"admin_label\":\"\",\"help_text\":\"\",\"custom_name_attribute\":\"fname\",\"personally_identifiable\":1,\"value\":\"\",\"drawerDisabled\":false,\"id\":6,\"beforeField\":\"\",\"afterField\":\"\",\"parentType\":\"firstname\",\"element_templates\":[\"firstname\",\"input\"],\"old_classname\":\"\",\"wrap_template\":\"wrap\"},{\"objectType\":\"Field\",\"objectDomain\":\"fields\",\"editActive\":false,\"order\":3,\"idAttribute\":\"id\",\"label\":\"Emaill\",\"type\":\"email\",\"key\":\"emaill_1713539421183\",\"label_pos\":\"hidden\",\"required\":0,\"default\":\"\",\"placeholder\":\"E-mail\",\"container_class\":\"\",\"element_class\":\"\",\"admin_label\":\"\",\"help_text\":\"\",\"custom_name_attribute\":\"email\",\"personally_identifiable\":1,\"value\":\"\",\"drawerDisabled\":false,\"id\":7,\"beforeField\":\"\",\"afterField\":\"\",\"parentType\":\"email\",\"element_templates\":[\"email\",\"input\"],\"old_classname\":\"\",\"wrap_template\":\"wrap\"},{\"objectType\":\"Field\",\"objectDomain\":\"fields\",\"editActive\":false,\"order\":4,\"idAttribute\":\"id\",\"label\":\"Phone\",\"type\":\"phone\",\"key\":\"phone_1710268477114\",\"label_pos\":\"hidden\",\"required\":false,\"default\":\"\",\"placeholder\":\"Phone\",\"container_class\":\"\",\"element_class\":\"\",\"input_limit\":\"\",\"input_limit_type\":\"characters\",\"input_limit_msg\":\"Character(s) left\",\"manual_key\":false,\"admin_label\":\"\",\"help_text\":\"\",\"mask\":\"\",\"custom_mask\":\"\",\"custom_name_attribute\":\"phone\",\"personally_identifiable\":1,\"value\":\"\",\"drawerDisabled\":false,\"id\":8,\"beforeField\":\"\",\"afterField\":\"\",\"parentType\":\"textbox\",\"element_templates\":[\"tel\",\"textbox\",\"input\"],\"old_classname\":\"\",\"wrap_template\":\"wrap\"},{\"objectType\":\"Field\",\"objectDomain\":\"fields\",\"editActive\":false,\"order\":5,\"idAttribute\":\"id\",\"label\":\"Paragraph Text\",\"type\":\"textarea\",\"key\":\"textarea_1710268487998\",\"label_pos\":\"hidden\",\"required\":false,\"default\":\"\",\"placeholder\":\"Message\",\"container_class\":\"\",\"element_class\":\"\",\"input_limit\":\"\",\"input_limit_type\":\"characters\",\"input_limit_msg\":\"Character(s) left\",\"manual_key\":false,\"admin_label\":\"\",\"help_text\":\"<p><br><\\\/p>\",\"textarea_rte\":\"\",\"disable_rte_mobile\":\"\",\"textarea_media\":\"\",\"value\":\"\",\"drawerDisabled\":false,\"id\":9,\"beforeField\":\"\",\"afterField\":\"\",\"parentType\":\"textarea\",\"element_templates\":[\"textarea\",\"input\"],\"old_classname\":\"\",\"wrap_template\":\"wrap\"},{\"objectType\":\"Field\",\"objectDomain\":\"fields\",\"editActive\":false,\"order\":6,\"idAttribute\":\"id\",\"label\":\"Send Message\",\"type\":\"submit\",\"processing_label\":\"Sending...\",\"container_class\":\"\",\"element_class\":\"\",\"key\":\"send_message_1721510808508\",\"drawerDisabled\":false,\"id\":10,\"beforeField\":\"\",\"afterField\":\"\",\"value\":\"\",\"label_pos\":\"hidden\",\"parentType\":\"textbox\",\"element_templates\":[\"submit\",\"button\",\"input\"],\"old_classname\":\"\",\"wrap_template\":\"wrap-no-label\"}];nfForms.push(form);<\/script>\n        \n","protected":false},"excerpt":{"rendered":"<p>Contact US We&#8217;d love to hear from you! If you have any questions, need support, or just want to provide feedback, please reach out to us using the information below.<\/p>","protected":false},"author":1,"featured_media":0,"parent":0,"menu_order":0,"comment_status":"closed","ping_status":"closed","template":"","meta":{"footnotes":""},"class_list":["post-210","page","type-page","status-publish","hentry"],"_links":{"self":[{"href":"https:\/\/sygnal.group\/pt\/wp-json\/wp\/v2\/pages\/210","targetHints":{"allow":["GET"]}}],"collection":[{"href":"https:\/\/sygnal.group\/pt\/wp-json\/wp\/v2\/pages"}],"about":[{"href":"https:\/\/sygnal.group\/pt\/wp-json\/wp\/v2\/types\/page"}],"author":[{"embeddable":true,"href":"https:\/\/sygnal.group\/pt\/wp-json\/wp\/v2\/users\/1"}],"replies":[{"embeddable":true,"href":"https:\/\/sygnal.group\/pt\/wp-json\/wp\/v2\/comments?post=210"}],"version-history":[{"count":5,"href":"https:\/\/sygnal.group\/pt\/wp-json\/wp\/v2\/pages\/210\/revisions"}],"predecessor-version":[{"id":565,"href":"https:\/\/sygnal.group\/pt\/wp-json\/wp\/v2\/pages\/210\/revisions\/565"}],"wp:attachment":[{"href":"https:\/\/sygnal.group\/pt\/wp-json\/wp\/v2\/media?parent=210"}],"curies":[{"name":"wp","href":"https:\/\/api.w.org\/{rel}","templated":true}]}}